{"id":5221,"date":"2021-07-07T13:24:33","date_gmt":"2021-07-07T11:24:33","guid":{"rendered":"https:\/\/pizzeriaofficina.it\/torino\/standort\/"},"modified":"2026-02-02T09:42:56","modified_gmt":"2026-02-02T08:42:56","slug":"standort","status":"publish","type":"page","link":"https:\/\/pizzeriaofficina.it\/torino\/de\/standort\/","title":{"rendered":"Standort"},"content":{"rendered":"\t\t<div data-elementor-type=\"wp-page\" data-elementor-id=\"5221\" class=\"elementor elementor-5221 elementor-690\">\n\t\t\t\t\t\t<section class=\"elementor-section elementor-top-section elementor-element elementor-element-ea140a5 elementor-section-full_width qode_elementor_container_inner elementor-section-height-default elementor-section-height-default parallax_section_no\" data-id=\"ea140a5\" data-element_type=\"section\">\n\t\t\t\t\t\t<div class=\"elementor-container elementor-column-gap-default\">\n\t\t\t\t\t<div class=\"elementor-column elementor-col-100 elementor-top-column elementor-element elementor-element-c4d592d\" data-id=\"c4d592d\" data-element_type=\"column\">\n\t\t\t<div class=\"elementor-widget-wrap elementor-element-populated\">\n\t\t\t\t\t\t<div class=\"elementor-element elementor-element-c441d02 elementor-widget elementor-widget-text-editor\" data-id=\"c441d02\" data-element_type=\"widget\" data-widget_type=\"text-editor.default\">\n\t\t\t\t<div class=\"elementor-widget-container\">\n\t\t\t\t\t\t\t\t\t<p style=\"text-align: center;\">Officina ist genau das Lokal, das Sie gesucht haben,<br>um einen Abend mit der Familie oder mit Freunden zu verbringen<br>und gute Gerichte aus hochwertigen Zutaten<br>in einem modernen und gem\u00fctlichen Ambiente zu genie\u00dfen.<\/p><p> <\/p><p style=\"text-align: center;\">Die Rohstoffe, die wir f\u00fcr die Zubereitung unserer Gerichte<br>und Pizzen verwenden, werden von uns sorgf\u00e4ltig ausgew\u00e4hlt.<br>Wir m\u00f6chten Ihnen Produkte anbieten, die von kleinen Handwerksbetrieben hergestellt werden, die nach traditioneller Art arbeiten<br>und gr\u00f6\u00dften Wert auf Vielfalt und Qualit\u00e4t legen.<br>Aus diesem Grund bevorzugen wir Lieferanten aus der Region,<br>die wir pers\u00f6nlich kennen.<\/p><p> <\/p><p style=\"text-align: center;\">Die extreme Sorgfalt bei der Auswahl der Zutaten<br>erm\u00f6glicht es uns, gute Gerichte mit authentischem Geschmack auf den Tisch zu bringen<br>und dabei einen f\u00fcr alle erschwinglichen Preis beizubehalten.<\/p><p style=\"text-align: center;\"> <\/p>\t\t\t\t\t\t\t\t<\/div>\n\t\t\t\t<\/div>\n\t\t\t\t<div class=\"elementor-element elementor-element-1551ce1 elementor-widget elementor-widget-spacer\" data-id=\"1551ce1\" data-element_type=\"widget\" data-widget_type=\"spacer.default\">\n\t\t\t\t<div class=\"elementor-widget-container\">\n\t\t\t\t\t\t\t<div class=\"elementor-spacer\">\n\t\t\t<div class=\"elementor-spacer-inner\"><\/div>\n\t\t<\/div>\n\t\t\t\t\t\t<\/div>\n\t\t\t\t<\/div>\n\t\t\t\t<div class=\"elementor-element elementor-element-f066464 elementor-hidden-tablet elementor-hidden-mobile elementor-widget elementor-widget-heading\" data-id=\"f066464\" data-element_type=\"widget\" data-widget_type=\"heading.default\">\n\t\t\t\t<div class=\"elementor-widget-container\">\n\t\t\t\t\t<h3 class=\"elementor-heading-title elementor-size-default\">QUALIT\u00c4T ZUERST<\/h3>\t\t\t\t<\/div>\n\t\t\t\t<\/div>\n\t\t\t\t<div class=\"elementor-element elementor-element-5ba11c2 elementor-hidden-tablet elementor-hidden-mobile elementor-widget elementor-widget-text-editor\" data-id=\"5ba11c2\" data-element_type=\"widget\" data-widget_type=\"text-editor.default\">\n\t\t\t\t<div class=\"elementor-widget-container\">\n\t\t\t\t\t\t\t\t\t<p style=\"text-align: center;\">Seit jeher ist die Officina bestrebt, die besten italienischen Produkte auf den Tisch zu bringen:<br>Alle Gerichte, die Sie probieren werden, bestehen aus sorgf\u00e4ltig ausgew\u00e4hlten Zutaten.<\/p><p style=\"text-align: center;\"><br>Wir arbeiten mit den besten landwirtschaftlichen Betrieben zusammen, die f\u00fcr die gastronomische Exzellenz unseres Landes stehen,<br>um Ihnen ein einzigartiges Geschmackserlebnis zu bieten, das ganz und gar italienisch ist.<br>Aus diesem Grund w\u00e4hlen wir f\u00fcr unsere Pizzen Mehl von Molini Bongiovanni.<\/p>\t\t\t\t\t\t\t\t<\/div>\n\t\t\t\t<\/div>\n\t\t\t\t<div class=\"elementor-element elementor-element-99e75cb elementor-widget elementor-widget-spacer\" data-id=\"99e75cb\" data-element_type=\"widget\" data-widget_type=\"spacer.default\">\n\t\t\t\t<div class=\"elementor-widget-container\">\n\t\t\t\t\t\t\t<div class=\"elementor-spacer\">\n\t\t\t<div class=\"elementor-spacer-inner\"><\/div>\n\t\t<\/div>\n\t\t\t\t\t\t<\/div>\n\t\t\t\t<\/div>\n\t\t\t\t\t<\/div>\n\t\t<\/div>\n\t\t\t\t\t<\/div>\n\t\t<\/section>\n\t\t\t\t<section class=\"elementor-section elementor-top-section elementor-element elementor-element-39a989d elementor-section-full_width qode_elementor_container_inner elementor-section-height-default elementor-section-height-default parallax_section_no\" data-id=\"39a989d\" data-element_type=\"section\">\n\t\t\t\t\t\t<div class=\"elementor-container elementor-column-gap-default\">\n\t\t\t\t\t<div class=\"elementor-column elementor-col-50 elementor-top-column elementor-element elementor-element-5875446\" data-id=\"5875446\" data-element_type=\"column\">\n\t\t\t<div class=\"elementor-widget-wrap elementor-element-populated\">\n\t\t\t\t\t\t<div class=\"elementor-element elementor-element-0cee8ad elementor-widget elementor-widget-google_maps\" data-id=\"0cee8ad\" data-element_type=\"widget\" data-widget_type=\"google_maps.default\">\n\t\t\t\t<div class=\"elementor-widget-container\">\n\t\t\t\t\t\t\t<div class=\"elementor-custom-embed\">\n\t\t\t<iframe loading=\"lazy\"\n\t\t\t\t\tsrc=\"https:\/\/maps.google.com\/maps?q=C.SO%20CANONICO%20GIUSEPPE%20ALLAMANO%2C%2031%2C%2010095%20GRUGLIASCO&#038;t=m&#038;z=10&#038;output=embed&#038;iwloc=near\"\n\t\t\t\t\ttitle=\"C.SO CANONICO GIUSEPPE ALLAMANO, 31, 10095 GRUGLIASCO\"\n\t\t\t\t\taria-label=\"C.SO CANONICO GIUSEPPE ALLAMANO, 31, 10095 GRUGLIASCO\"\n\t\t\t><\/iframe>\n\t\t<\/div>\n\t\t\t\t\t\t<\/div>\n\t\t\t\t<\/div>\n\t\t\t\t<div class=\"elementor-element elementor-element-5f70a20 elementor-widget elementor-widget-spacer\" data-id=\"5f70a20\" data-element_type=\"widget\" data-widget_type=\"spacer.default\">\n\t\t\t\t<div class=\"elementor-widget-container\">\n\t\t\t\t\t\t\t<div class=\"elementor-spacer\">\n\t\t\t<div class=\"elementor-spacer-inner\"><\/div>\n\t\t<\/div>\n\t\t\t\t\t\t<\/div>\n\t\t\t\t<\/div>\n\t\t\t\t\t<\/div>\n\t\t<\/div>\n\t\t\t\t<div class=\"elementor-column elementor-col-50 elementor-top-column elementor-element elementor-element-d63cc50\" data-id=\"d63cc50\" data-element_type=\"column\">\n\t\t\t<div class=\"elementor-widget-wrap elementor-element-populated\">\n\t\t\t\t\t\t<div class=\"elementor-element elementor-element-8d570ca elementor-widget elementor-widget-text-editor\" data-id=\"8d570ca\" data-element_type=\"widget\" data-widget_type=\"text-editor.default\">\n\t\t\t\t<div class=\"elementor-widget-container\">\n\t\t\t\t\t\t\t\t\t<h3>Officina<\/h3><h5> <\/h5>\t\t\t\t\t\t\t\t<\/div>\n\t\t\t\t<\/div>\n\t\t\t\t<div class=\"elementor-element elementor-element-fc20054 elementor-widget elementor-widget-bridge_icon_text\" data-id=\"fc20054\" data-element_type=\"widget\" data-widget_type=\"bridge_icon_text.default\">\n\t\t\t\t<div class=\"elementor-widget-container\">\n\t\t\t\t\t<div class='q_icon_with_title tiny custom_icon_image left_from_title '><div class=\"icon_text_holder\" style=\"\"><div class=\"icon_text_inner\" style=\"\"><div class=\"icon_title_holder\"><div class=\"icon_holder \" style=\" \"><img decoding=\"async\" itemprop=\"image\" style=\"\" src=\"https:\/\/pizzeriaofficina.it\/torino\/wp-content\/uploads\/2017\/08\/icon-1.png\" alt=\"a\"><\/div><h6 class=\"icon_title\" style=\"color: #878787;\">C.SO CANONICO GIUSEPPE ALLAMANO, 31,<\/br> 10095 GRUGLIASCO<\/h6><\/div><p style=''><\/p><\/div><\/div><\/div>\t\t\t\t<\/div>\n\t\t\t\t<\/div>\n\t\t\t\t<div class=\"elementor-element elementor-element-99d827d elementor-widget elementor-widget-bridge_icon_text\" data-id=\"99d827d\" data-element_type=\"widget\" data-widget_type=\"bridge_icon_text.default\">\n\t\t\t\t<div class=\"elementor-widget-container\">\n\t\t\t\t\t<div class='q_icon_with_title tiny custom_icon_image left_from_title '><div class=\"icon_text_holder\" style=\"\"><div class=\"icon_text_inner\" style=\"\"><div class=\"icon_title_holder\"><div class=\"icon_holder \" style=\" \"><img decoding=\"async\" itemprop=\"image\" style=\"\" src=\"https:\/\/pizzeriaofficina.it\/torino\/wp-content\/uploads\/2017\/08\/icon-2.png\" alt=\"k\"><\/div><h6 class=\"icon_title\" style=\"color: #878787;\">011.46.27.995<\/h6><\/div><p style=''><\/p><\/div><\/div><\/div>\t\t\t\t<\/div>\n\t\t\t\t<\/div>\n\t\t\t\t<div class=\"elementor-element elementor-element-6fdd321 elementor-widget elementor-widget-bridge_icon_text\" data-id=\"6fdd321\" data-element_type=\"widget\" data-widget_type=\"bridge_icon_text.default\">\n\t\t\t\t<div class=\"elementor-widget-container\">\n\t\t\t\t\t<div class='q_icon_with_title tiny custom_icon_image left_from_title '><div class=\"icon_text_holder\" style=\"\"><div class=\"icon_text_inner\" style=\"\"><div class=\"icon_title_holder\"><div class=\"icon_holder \" style=\" \"><img decoding=\"async\" itemprop=\"image\" style=\"\" src=\"https:\/\/pizzeriaofficina.it\/torino\/wp-content\/uploads\/2017\/08\/icon-3.png\" alt=\"s\"><\/div><h6 class=\"icon_title\" style=\"color: #878787;\">info@pizzeriaofficina.it<\/h6><\/div><p style=''><\/p><\/div><\/div><\/div>\t\t\t\t<\/div>\n\t\t\t\t<\/div>\n\t\t\t\t\t<\/div>\n\t\t<\/div>\n\t\t\t\t\t<\/div>\n\t\t<\/section>\n\t\t<div class=\"elementor-element elementor-element-23578bf e-flex e-con-boxed parallax_section_no qode_elementor_container_no e-con e-parent\" data-id=\"23578bf\" data-element_type=\"container\">\n\t\t\t\t\t<div class=\"e-con-inner\">\n\t\t\t\t\t<\/div>\n\t\t\t\t<\/div>\n\t\t<div class=\"elementor-element elementor-element-d13e068 e-con-full e-flex parallax_section_no qode_elementor_container_no e-con e-parent\" data-id=\"d13e068\" data-element_type=\"container\" data-settings=\"{&quot;background_background&quot;:&quot;classic&quot;}\">\n\t\t<div class=\"elementor-element elementor-element-80b6065 e-con-full e-flex parallax_section_no qode_elementor_container_no e-con e-child\" data-id=\"80b6065\" data-element_type=\"container\">\n\t\t\t\t<\/div>\n\t\t<div class=\"elementor-element elementor-element-04c732a e-con-full e-flex parallax_section_no qode_elementor_container_no e-con e-child\" data-id=\"04c732a\" data-element_type=\"container\">\n\t\t\t\t<div class=\"elementor-element elementor-element-36364b1 elementor-widget elementor-widget-spacer\" data-id=\"36364b1\" data-element_type=\"widget\" data-widget_type=\"spacer.default\">\n\t\t\t\t<div class=\"elementor-widget-container\">\n\t\t\t\t\t\t\t<div class=\"elementor-spacer\">\n\t\t\t<div class=\"elementor-spacer-inner\"><\/div>\n\t\t<\/div>\n\t\t\t\t\t\t<\/div>\n\t\t\t\t<\/div>\n\t\t\t\t<div class=\"elementor-element elementor-element-00993e6 elementor-widget elementor-widget-text-editor\" data-id=\"00993e6\" data-element_type=\"widget\" data-widget_type=\"text-editor.default\">\n\t\t\t\t<div class=\"elementor-widget-container\">\n\t\t\t\t\t\t\t\t\t<h1 style=\"font-size: 90px; text-align: center;\"><span style=\"color: #ffffff;\">Einen Tisch reservieren<\/span><\/h1>\t\t\t\t\t\t\t\t<\/div>\n\t\t\t\t<\/div>\n\t\t\t\t<div class=\"elementor-element elementor-element-3f2966f elementor-widget elementor-widget-spacer\" data-id=\"3f2966f\" data-element_type=\"widget\" data-widget_type=\"spacer.default\">\n\t\t\t\t<div class=\"elementor-widget-container\">\n\t\t\t\t\t\t\t<div class=\"elementor-spacer\">\n\t\t\t<div class=\"elementor-spacer-inner\"><\/div>\n\t\t<\/div>\n\t\t\t\t\t\t<\/div>\n\t\t\t\t<\/div>\n\t\t\t\t<\/div>\n\t\t<div class=\"elementor-element elementor-element-22ce76d e-con-full e-flex parallax_section_no qode_elementor_container_no e-con e-child\" data-id=\"22ce76d\" data-element_type=\"container\">\n\t\t\t\t<\/div>\n\t\t<div class=\"elementor-element elementor-element-b269f7b e-con-full e-flex parallax_section_no qode_elementor_container_no e-con e-child\" data-id=\"b269f7b\" data-element_type=\"container\">\n\t\t\t\t<div class=\"elementor-element elementor-element-145a524 elementor-view-framed elementor-shape-circle elementor-widget elementor-widget-icon\" data-id=\"145a524\" data-element_type=\"widget\" data-widget_type=\"icon.default\">\n\t\t\t\t<div class=\"elementor-widget-container\">\n\t\t\t\t\t\t\t<div class=\"elementor-icon-wrapper\">\n\t\t\t<div class=\"elementor-icon\">\n\t\t\t<i aria-hidden=\"true\" class=\"fas fa-desktop\"><\/i>\t\t\t<\/div>\n\t\t<\/div>\n\t\t\t\t\t\t<\/div>\n\t\t\t\t<\/div>\n\t\t\t\t<div class=\"elementor-element elementor-element-713111a elementor-widget elementor-widget-text-editor\" data-id=\"713111a\" data-element_type=\"widget\" data-widget_type=\"text-editor.default\">\n\t\t\t\t<div class=\"elementor-widget-container\">\n\t\t\t\t\t\t\t\t\t<p style=\"text-align: center;\"><span style=\"color: #ffffff;\">\u00dcber unsere Plattform <\/span><\/p><p style=\"text-align: center;\"><span style=\"color: #ffffff;\">der schnellste Weg zum Genuss<\/span><\/p><p style=\"text-align: center;\"><span style=\"color: #ffffff;\"> Ihr Lieblingsgericht<\/span><\/p>\t\t\t\t\t\t\t\t<\/div>\n\t\t\t\t<\/div>\n\t\t\t\t<div class=\"elementor-element elementor-element-796df43 elementor-align-center elementor-widget elementor-widget-button\" data-id=\"796df43\" data-element_type=\"widget\" data-widget_type=\"button.default\">\n\t\t\t\t<div class=\"elementor-widget-container\">\n\t\t\t\t\t\t\t\t\t<div class=\"elementor-button-wrapper\">\n\t\t\t\t\t<a class=\"elementor-button elementor-button-link elementor-size-md\" href=\"https:\/\/pizzeriaristoranteofficinaallamano.plateform.app\/welcome\">\n\t\t\t\t\t\t<span class=\"elementor-button-content-wrapper\">\n\t\t\t\t\t\t\t\t\t<span class=\"elementor-button-text\">Prenota <\/span>\n\t\t\t\t\t<\/span>\n\t\t\t\t\t<\/a>\n\t\t\t\t<\/div>\n\t\t\t\t\t\t\t\t<\/div>\n\t\t\t\t<\/div>\n\t\t\t\t<div class=\"elementor-element elementor-element-41ff549 elementor-widget elementor-widget-spacer\" data-id=\"41ff549\" data-element_type=\"widget\" data-widget_type=\"spacer.default\">\n\t\t\t\t<div class=\"elementor-widget-container\">\n\t\t\t\t\t\t\t<div class=\"elementor-spacer\">\n\t\t\t<div class=\"elementor-spacer-inner\"><\/div>\n\t\t<\/div>\n\t\t\t\t\t\t<\/div>\n\t\t\t\t<\/div>\n\t\t\t\t<\/div>\n\t\t<div class=\"elementor-element elementor-element-67f91ab e-con-full e-flex parallax_section_no qode_elementor_container_no e-con e-child\" data-id=\"67f91ab\" data-element_type=\"container\">\n\t\t\t\t<div class=\"elementor-element elementor-element-42b860c elementor-view-framed elementor-shape-circle elementor-widget elementor-widget-icon\" data-id=\"42b860c\" data-element_type=\"widget\" data-widget_type=\"icon.default\">\n\t\t\t\t<div class=\"elementor-widget-container\">\n\t\t\t\t\t\t\t<div class=\"elementor-icon-wrapper\">\n\t\t\t<div class=\"elementor-icon\">\n\t\t\t<i aria-hidden=\"true\" class=\"fas fa-phone\"><\/i>\t\t\t<\/div>\n\t\t<\/div>\n\t\t\t\t\t\t<\/div>\n\t\t\t\t<\/div>\n\t\t\t\t<div class=\"elementor-element elementor-element-65678e8 elementor-widget elementor-widget-text-editor\" data-id=\"65678e8\" data-element_type=\"widget\" data-widget_type=\"text-editor.default\">\n\t\t\t\t<div class=\"elementor-widget-container\">\n\t\t\t\t\t\t\t\t\t<p style=\"text-align: center;\"><span style=\"color: #ffffff;\">Wenn alles andere nicht funktioniert,<br>k\u00f6nnen Sie uns jederzeit anrufen. <\/span><\/p><p style=\"text-align: center;\"><span style=\"color: #ffffff;\">011.46.27.995<\/span><\/p>\t\t\t\t\t\t\t\t<\/div>\n\t\t\t\t<\/div>\n\t\t\t\t<div class=\"elementor-element elementor-element-77d8584 elementor-align-center elementor-widget elementor-widget-button\" data-id=\"77d8584\" data-element_type=\"widget\" data-widget_type=\"button.default\">\n\t\t\t\t<div class=\"elementor-widget-container\">\n\t\t\t\t\t\t\t\t\t<div class=\"elementor-button-wrapper\">\n\t\t\t\t\t<a class=\"elementor-button elementor-button-link elementor-size-md\" href=\"tel:+390114627995\">\n\t\t\t\t\t\t<span class=\"elementor-button-content-wrapper\">\n\t\t\t\t\t\t\t\t\t<span class=\"elementor-button-text\">Telefon<\/span>\n\t\t\t\t\t<\/span>\n\t\t\t\t\t<\/a>\n\t\t\t\t<\/div>\n\t\t\t\t\t\t\t\t<\/div>\n\t\t\t\t<\/div>\n\t\t\t\t<div class=\"elementor-element elementor-element-ff326bb elementor-widget elementor-widget-spacer\" data-id=\"ff326bb\" data-element_type=\"widget\" data-widget_type=\"spacer.default\">\n\t\t\t\t<div class=\"elementor-widget-container\">\n\t\t\t\t\t\t\t<div class=\"elementor-spacer\">\n\t\t\t<div class=\"elementor-spacer-inner\"><\/div>\n\t\t<\/div>\n\t\t\t\t\t\t<\/div>\n\t\t\t\t<\/div>\n\t\t\t\t<\/div>\n\t\t<div class=\"elementor-element elementor-element-d471906 e-con-full e-flex parallax_section_no qode_elementor_container_no e-con e-child\" data-id=\"d471906\" data-element_type=\"container\">\n\t\t\t\t<div class=\"elementor-element elementor-element-35daa68 elementor-view-framed elementor-shape-circle elementor-widget elementor-widget-icon\" data-id=\"35daa68\" data-element_type=\"widget\" data-widget_type=\"icon.default\">\n\t\t\t\t<div class=\"elementor-widget-container\">\n\t\t\t\t\t\t\t<div class=\"elementor-icon-wrapper\">\n\t\t\t<div class=\"elementor-icon\">\n\t\t\t<i aria-hidden=\"true\" class=\"fab fa-whatsapp\"><\/i>\t\t\t<\/div>\n\t\t<\/div>\n\t\t\t\t\t\t<\/div>\n\t\t\t\t<\/div>\n\t\t\t\t<div class=\"elementor-element elementor-element-6c75a91 elementor-widget elementor-widget-text-editor\" data-id=\"6c75a91\" data-element_type=\"widget\" data-widget_type=\"text-editor.default\">\n\t\t\t\t<div class=\"elementor-widget-container\">\n\t\t\t\t\t\t\t\t\t<p style=\"text-align: center;\"><span style=\"color: #ffffff;\">Nie wieder am Telefon warten oder verzweifelte Versuche,<br>eine Reservierung zu bekommen. Senden Sie einfach eine Nachricht<br>an unsere WhatsApp-Nummer<br>und wir hei\u00dfen Sie herzlich willkommen.<\/span><\/p>\t\t\t\t\t\t\t\t<\/div>\n\t\t\t\t<\/div>\n\t\t\t\t<div class=\"elementor-element elementor-element-e8d06b6 elementor-align-center elementor-widget elementor-widget-button\" data-id=\"e8d06b6\" data-element_type=\"widget\" data-widget_type=\"button.default\">\n\t\t\t\t<div class=\"elementor-widget-container\">\n\t\t\t\t\t\t\t\t\t<div class=\"elementor-button-wrapper\">\n\t\t\t\t\t<a class=\"elementor-button elementor-button-link elementor-size-md\" href=\"https:\/\/wa.me\/+393201975130\">\n\t\t\t\t\t\t<span class=\"elementor-button-content-wrapper\">\n\t\t\t\t\t\t\t\t\t<span class=\"elementor-button-text\">WhatsApp<\/span>\n\t\t\t\t\t<\/span>\n\t\t\t\t\t<\/a>\n\t\t\t\t<\/div>\n\t\t\t\t\t\t\t\t<\/div>\n\t\t\t\t<\/div>\n\t\t\t\t<div class=\"elementor-element elementor-element-816c2e0 elementor-widget elementor-widget-spacer\" data-id=\"816c2e0\" data-element_type=\"widget\" data-widget_type=\"spacer.default\">\n\t\t\t\t<div class=\"elementor-widget-container\">\n\t\t\t\t\t\t\t<div class=\"elementor-spacer\">\n\t\t\t<div class=\"elementor-spacer-inner\"><\/div>\n\t\t<\/div>\n\t\t\t\t\t\t<\/div>\n\t\t\t\t<\/div>\n\t\t\t\t<\/div>\n\t\t\t\t<\/div>\n\t\t\t\t<\/div>\n\t\t","protected":false},"excerpt":{"rendered":"<p>Officina ist genau das Lokal, das Sie gesucht haben,um einen Abend mit der Familie oder mit Freunden zu verbringenund gute Gerichte aus hochwertigen Zutatenin einem modernen und gem\u00fctlichen Ambiente zu genie\u00dfen. Die Rohstoffe, die wir f\u00fcr die Zubereitung unserer Gerichteund Pizzen verwenden, werden von uns&#8230;<\/p>\n","protected":false},"author":1,"featured_media":6312,"parent":0,"menu_order":0,"comment_status":"closed","ping_status":"closed","template":"full_width.php","meta":{"_acf_changed":false,"content-type":"","footnotes":""},"class_list":["post-5221","page","type-page","status-publish","has-post-thumbnail","hentry"],"acf":[],"_links":{"self":[{"href":"https:\/\/pizzeriaofficina.it\/torino\/de\/wp-json\/wp\/v2\/pages\/5221","targetHints":{"allow":["GET"]}}],"collection":[{"href":"https:\/\/pizzeriaofficina.it\/torino\/de\/wp-json\/wp\/v2\/pages"}],"about":[{"href":"https:\/\/pizzeriaofficina.it\/torino\/de\/wp-json\/wp\/v2\/types\/page"}],"author":[{"embeddable":true,"href":"https:\/\/pizzeriaofficina.it\/torino\/de\/wp-json\/wp\/v2\/users\/1"}],"replies":[{"embeddable":true,"href":"https:\/\/pizzeriaofficina.it\/torino\/de\/wp-json\/wp\/v2\/comments?post=5221"}],"version-history":[{"count":4,"href":"https:\/\/pizzeriaofficina.it\/torino\/de\/wp-json\/wp\/v2\/pages\/5221\/revisions"}],"predecessor-version":[{"id":6731,"href":"https:\/\/pizzeriaofficina.it\/torino\/de\/wp-json\/wp\/v2\/pages\/5221\/revisions\/6731"}],"wp:featuredmedia":[{"embeddable":true,"href":"https:\/\/pizzeriaofficina.it\/torino\/de\/wp-json\/wp\/v2\/media\/6312"}],"wp:attachment":[{"href":"https:\/\/pizzeriaofficina.it\/torino\/de\/wp-json\/wp\/v2\/media?parent=5221"}],"curies":[{"name":"wp","href":"https:\/\/api.w.org\/{rel}","templated":true}]}}