{"id":6719,"date":"2025-05-07T08:51:47","date_gmt":"2025-05-07T06:51:47","guid":{"rendered":"https:\/\/pizzeriaofficina.it\/torino\/les-cles-du-gout\/"},"modified":"2026-02-02T09:01:13","modified_gmt":"2026-02-02T08:01:13","slug":"les-cles-du-gout","status":"publish","type":"page","link":"https:\/\/pizzeriaofficina.it\/torino\/fr\/les-cles-du-gout\/","title":{"rendered":"Les cl\u00e9s du go\u00fbt"},"content":{"rendered":"\t\t<div data-elementor-type=\"wp-page\" data-elementor-id=\"6719\" class=\"elementor elementor-6719 elementor-6229\">\n\t\t\t\t\t\t<section style=\"background-image: url(https:\/\/pizzeriaofficina.it\/torino\/wp-content\/uploads\/2025\/05\/1-pizzeria officina torino - foto - slide - federicoportacci.it.jpg);\" class=\"parallax_section_holder elementor-section elementor-top-section elementor-element elementor-element-a347fd5 elementor-section-full_width parallax_section_holder elementor-section-height-default elementor-section-height-default qode_elementor_container_no\" data-speed=\"0\" data-id=\"a347fd5\" data-element_type=\"section\" data-settings=\"{&quot;background_background&quot;:&quot;slideshow&quot;,&quot;qode_parallax_image&quot;:{&quot;url&quot;:&quot;https:\\\/\\\/pizzeriaofficina.it\\\/torino\\\/wp-content\\\/uploads\\\/2025\\\/05\\\/1-pizzeria officina torino - foto - slide - federicoportacci.it.jpg&quot;,&quot;id&quot;:6309,&quot;size&quot;:&quot;&quot;,&quot;alt&quot;:&quot;&quot;,&quot;source&quot;:&quot;library&quot;},&quot;background_slideshow_gallery&quot;:[],&quot;background_slideshow_loop&quot;:&quot;yes&quot;,&quot;background_slideshow_slide_duration&quot;:5000,&quot;background_slideshow_slide_transition&quot;:&quot;fade&quot;,&quot;background_slideshow_transition_duration&quot;:500}\">\n\t\t\t\t\t\t\t<div class=\"elementor-background-overlay\"><\/div>\n\t\t\t\t\t\t\t<div class=\"elementor-container elementor-column-gap-default\">\n\t\t\t\t\t<div class=\"elementor-column elementor-col-100 elementor-top-column elementor-element elementor-element-0097ce0\" data-id=\"0097ce0\" data-element_type=\"column\" data-settings=\"{&quot;background_background&quot;:&quot;slideshow&quot;,&quot;background_slideshow_gallery&quot;:[],&quot;background_slideshow_loop&quot;:&quot;yes&quot;,&quot;background_slideshow_slide_duration&quot;:5000,&quot;background_slideshow_slide_transition&quot;:&quot;fade&quot;,&quot;background_slideshow_transition_duration&quot;:500}\">\n\t\t\t<div class=\"elementor-widget-wrap elementor-element-populated\">\n\t\t\t\t\t\t<div class=\"elementor-element elementor-element-c44c048 elementor-widget elementor-widget-text-editor\" data-id=\"c44c048\" data-element_type=\"widget\" data-widget_type=\"text-editor.default\">\n\t\t\t\t<div class=\"elementor-widget-container\">\n\t\t\t\t\t\t\t\t\t<h1 style=\"text-align: center;\"><span style=\"color: #ffffff;\">Collection points<\/span><\/h1>\t\t\t\t\t\t\t\t<\/div>\n\t\t\t\t<\/div>\n\t\t\t\t<section class=\"elementor-section elementor-inner-section elementor-element elementor-element-0f4a06b elementor-section-full_width qode_elementor_container_inner elementor-section-height-default elementor-section-height-default parallax_section_no\" data-id=\"0f4a06b\" data-element_type=\"section\">\n\t\t\t\t\t\t<div class=\"elementor-container elementor-column-gap-default\">\n\t\t\t\t\t<div class=\"elementor-column elementor-col-100 elementor-inner-column elementor-element elementor-element-c1d39eb\" data-id=\"c1d39eb\" data-element_type=\"column\" data-settings=\"{&quot;background_background&quot;:&quot;classic&quot;}\">\n\t\t\t<div class=\"elementor-widget-wrap elementor-element-populated\">\n\t\t\t\t\t\t<div class=\"elementor-element elementor-element-6ebe71a elementor-widget elementor-widget-text-editor\" data-id=\"6ebe71a\" data-element_type=\"widget\" data-widget_type=\"text-editor.default\">\n\t\t\t\t<div class=\"elementor-widget-container\">\n\t\t\t\t\t\t\t\t\t<h5 style=\"text-align: center;\">\u00c0 partir d&rsquo;aujourd&rsquo;hui, chaque d\u00e9jeuner ou d\u00eener<br>chez nous aura un go\u00fbt encore plus sp\u00e9cial.<\/h5><h6> <\/h6><h6 style=\"text-align: center;\"><strong>La collecte de points Officina est arriv\u00e9e !<\/strong><br><strong>Vous voulez savoir comment \u00e7a marche ?<\/strong><\/h6><p> <\/p><h6 style=\"text-align: center;\">Venez nous rendre visite et pour chaque tranche de 10 \u20ac d\u00e9pens\u00e9s, vous recevrez un point \u00ab cl\u00e9 anglaise \u00bb. <br>Collecter des cl\u00e9s anglaises vous permettra de monter les niveaux et de d\u00e9bloquer des surprises.<\/h6><h6 style=\"text-align: center;\">\u00c0 chaque objectif atteint, profitez de r\u00e9ductions exclusives et de r\u00e9compenses all\u00e9chantes.<\/h6><h6> <\/h6><h6 style=\"text-align: center;\"><strong>Vous pouvez demander votre carte \u00e0 ce <\/strong><strong><span style=\"color: #00ccff;\"><span style=\"color: #3366ff;\"><strong><a style=\"color: #3366ff;\" href=\"https:\/\/mycloudhubrev.lasersoft.it\/NewWebcard\/13640\/2\">link<\/a><\/strong><\/span><br><br><\/span><\/strong>Ensuite, il vous suffira de pr\u00e9senter votre code QR \u00e0 la caisse chaque fois que vous viendrez nous rendre visite. Inscrivez-vous et commencez \u00e0 collectionner les saveurs !<strong><span style=\"color: #00ccff;\"><br><\/span><\/strong><\/h6>\t\t\t\t\t\t\t\t<\/div>\n\t\t\t\t<\/div>\n\t\t\t\t<div class=\"elementor-element elementor-element-d5fb37c elementor-widget elementor-widget-image\" data-id=\"d5fb37c\" data-element_type=\"widget\" data-widget_type=\"image.default\">\n\t\t\t\t<div class=\"elementor-widget-container\">\n\t\t\t\t\t\t\t\t\t\t\t\t\t\t\t<img fetchpriority=\"high\" decoding=\"async\" width=\"724\" height=\"1024\" src=\"https:\/\/pizzeriaofficina.it\/torino\/wp-content\/uploads\/2025\/05\/Carta-fedelta-724x1024.jpg\" class=\"attachment-large size-large wp-image-6233\" alt=\"\" srcset=\"https:\/\/pizzeriaofficina.it\/torino\/wp-content\/uploads\/2025\/05\/Carta-fedelta-724x1024.jpg 724w, https:\/\/pizzeriaofficina.it\/torino\/wp-content\/uploads\/2025\/05\/Carta-fedelta-212x300.jpg 212w, https:\/\/pizzeriaofficina.it\/torino\/wp-content\/uploads\/2025\/05\/Carta-fedelta-768x1086.jpg 768w, https:\/\/pizzeriaofficina.it\/torino\/wp-content\/uploads\/2025\/05\/Carta-fedelta-1086x1536.jpg 1086w, https:\/\/pizzeriaofficina.it\/torino\/wp-content\/uploads\/2025\/05\/Carta-fedelta-1448x2048.jpg 1448w, https:\/\/pizzeriaofficina.it\/torino\/wp-content\/uploads\/2025\/05\/Carta-fedelta-700x990.jpg 700w, https:\/\/pizzeriaofficina.it\/torino\/wp-content\/uploads\/2025\/05\/Carta-fedelta-scaled.jpg 1810w\" sizes=\"(max-width: 724px) 100vw, 724px\" \/>\t\t\t\t\t\t\t\t\t\t\t\t\t\t\t<\/div>\n\t\t\t\t<\/div>\n\t\t\t\t\t<\/div>\n\t\t<\/div>\n\t\t\t\t\t<\/div>\n\t\t<\/section>\n\t\t\t\t\t<\/div>\n\t\t<\/div>\n\t\t\t\t\t<\/div>\n\t\t<\/section>\n\t\t\t\t<\/div>\n\t\t","protected":false},"excerpt":{"rendered":"<p>Collection points \u00c0 partir d&rsquo;aujourd&rsquo;hui, chaque d\u00e9jeuner ou d\u00eenerchez nous aura un go\u00fbt encore plus sp\u00e9cial. La collecte de points Officina est arriv\u00e9e !Vous voulez savoir comment \u00e7a marche ? Venez nous rendre visite et pour chaque tranche de 10 \u20ac d\u00e9pens\u00e9s, vous recevrez un&#8230;<\/p>\n","protected":false},"author":1,"featured_media":0,"parent":0,"menu_order":0,"comment_status":"closed","ping_status":"closed","template":"full_width.php","meta":{"_acf_changed":false,"content-type":"","footnotes":""},"class_list":["post-6719","page","type-page","status-publish","hentry"],"acf":[],"_links":{"self":[{"href":"https:\/\/pizzeriaofficina.it\/torino\/fr\/wp-json\/wp\/v2\/pages\/6719","targetHints":{"allow":["GET"]}}],"collection":[{"href":"https:\/\/pizzeriaofficina.it\/torino\/fr\/wp-json\/wp\/v2\/pages"}],"about":[{"href":"https:\/\/pizzeriaofficina.it\/torino\/fr\/wp-json\/wp\/v2\/types\/page"}],"author":[{"embeddable":true,"href":"https:\/\/pizzeriaofficina.it\/torino\/fr\/wp-json\/wp\/v2\/users\/1"}],"replies":[{"embeddable":true,"href":"https:\/\/pizzeriaofficina.it\/torino\/fr\/wp-json\/wp\/v2\/comments?post=6719"}],"version-history":[{"count":1,"href":"https:\/\/pizzeriaofficina.it\/torino\/fr\/wp-json\/wp\/v2\/pages\/6719\/revisions"}],"predecessor-version":[{"id":6720,"href":"https:\/\/pizzeriaofficina.it\/torino\/fr\/wp-json\/wp\/v2\/pages\/6719\/revisions\/6720"}],"wp:attachment":[{"href":"https:\/\/pizzeriaofficina.it\/torino\/fr\/wp-json\/wp\/v2\/media?parent=6719"}],"curies":[{"name":"wp","href":"https:\/\/api.w.org\/{rel}","templated":true}]}}